{"id":1264,"date":"2022-09-13T20:27:49","date_gmt":"2022-09-13T20:27:49","guid":{"rendered":"https:\/\/gapwomen.ufec.cat\/resources\/"},"modified":"2024-12-12T17:59:39","modified_gmt":"2024-12-12T17:59:39","slug":"recursos","status":"publish","type":"page","link":"https:\/\/gapwomen.ufec.cat\/ca\/recursos\/","title":{"rendered":"Recursos"},"content":{"rendered":"\t\t<div data-elementor-type=\"wp-page\" data-elementor-id=\"1264\" class=\"elementor elementor-1264\">\n\t\t\t\t\t\t\t\t\t<section class=\"elementor-section elementor-top-section elementor-element elementor-element-67bda91 elementor-section-full_width elementor-section-content-top elementor-reverse-tablet elementor-reverse-mobile elementor-section-height-min-height elementor-section-items-top elementor-section-height-default\" data-id=\"67bda91\" data-element_type=\"section\">\n\t\t\t\t\t\t\t<div class=\"elementor-background-overlay\"><\/div>\n\t\t\t\t\t\t\t<div class=\"elementor-container elementor-column-gap-no\">\n\t\t\t\t\t<div class=\"elementor-column elementor-col-50 elementor-top-column elementor-element elementor-element-b387513\" data-id=\"b387513\" data-element_type=\"column\" data-settings=\"{&quot;background_background&quot;:&quot;classic&quot;}\">\n\t\t\t<div class=\"elementor-widget-wrap elementor-element-populated\">\n\t\t\t\t\t\t\t\t<div class=\"elementor-element elementor-element-aa2796a boldFontWhite elementor-widget elementor-widget-heading\" data-id=\"aa2796a\" data-element_type=\"widget\" data-widget_type=\"heading.default\">\n\t\t\t\t<div class=\"elementor-widget-container\">\n\t\t\t<style>\/*! elementor - v3.8.0 - 30-10-2022 *\/\n.elementor-heading-title{padding:0;margin:0;line-height:1}.elementor-widget-heading .elementor-heading-title[class*=elementor-size-]>a{color:inherit;font-size:inherit;line-height:inherit}.elementor-widget-heading .elementor-heading-title.elementor-size-small{font-size:15px}.elementor-widget-heading .elementor-heading-title.elementor-size-medium{font-size:19px}.elementor-widget-heading .elementor-heading-title.elementor-size-large{font-size:29px}.elementor-widget-heading .elementor-heading-title.elementor-size-xl{font-size:39px}.elementor-widget-heading .elementor-heading-title.elementor-size-xxl{font-size:59px}<\/style><h3 class=\"elementor-heading-title elementor-size-default\">Recursos<\/h3>\t\t<\/div>\n\t\t\t\t<\/div>\n\t\t\t\t<div class=\"elementor-element elementor-element-31e7345 elementor-widget elementor-widget-text-editor\" data-id=\"31e7345\" data-element_type=\"widget\" data-widget_type=\"text-editor.default\">\n\t\t\t\t<div class=\"elementor-widget-container\">\n\t\t\t<style>\/*! elementor - v3.8.0 - 30-10-2022 *\/\n.elementor-widget-text-editor.elementor-drop-cap-view-stacked .elementor-drop-cap{background-color:#818a91;color:#fff}.elementor-widget-text-editor.elementor-drop-cap-view-framed .elementor-drop-cap{color:#818a91;border:3px solid;background-color:transparent}.elementor-widget-text-editor:not(.elementor-drop-cap-view-default) .elementor-drop-cap{margin-top:8px}.elementor-widget-text-editor:not(.elementor-drop-cap-view-default) .elementor-drop-cap-letter{width:1em;height:1em}.elementor-widget-text-editor .elementor-drop-cap{float:left;text-align:center;line-height:1;font-size:50px}.elementor-widget-text-editor .elementor-drop-cap-letter{display:inline-block}<\/style>\t\t\t\t<p>Descarrega, utilitza i dif\u00f3n els lliurables que el Projecte GAP est\u00e0 generant al llarg del desenvolupament del projecte. Per aix\u00f2 \u00e9s que treballem.<\/p>\t\t\t\t\t\t<\/div>\n\t\t\t\t<\/div>\n\t\t\t\t<div class=\"elementor-element elementor-element-d473a49 elementor-align-left elementor-widget__width-initial elementor-tablet-align-center elementor-widget elementor-widget-button\" data-id=\"d473a49\" data-element_type=\"widget\" data-widget_type=\"button.default\">\n\t\t\t\t<div class=\"elementor-widget-container\">\n\t\t\t\t\t<div class=\"elementor-button-wrapper\">\n\t\t\t<a href=\"https:\/\/gapwomen.ufec.cat\/ca\/documentacio\/\" class=\"elementor-button-link elementor-button elementor-size-lg elementor-animation-skew-forward\" role=\"button\">\n\t\t\t\t\t\t<span class=\"elementor-button-content-wrapper\">\n\t\t\t\t\t\t<span class=\"elementor-button-text\">Documentaci\u00f3<\/span>\n\t\t<\/span>\n\t\t\t\t\t<\/a>\n\t\t<\/div>\n\t\t\t\t<\/div>\n\t\t\t\t<\/div>\n\t\t\t\t<div class=\"elementor-element elementor-element-814b61d elementor-align-left elementor-widget__width-initial elementor-tablet-align-center elementor-widget elementor-widget-button\" data-id=\"814b61d\" data-element_type=\"widget\" data-widget_type=\"button.default\">\n\t\t\t\t<div class=\"elementor-widget-container\">\n\t\t\t\t\t<div class=\"elementor-button-wrapper\">\n\t\t\t<a href=\"https:\/\/gapwomen.ufec.cat\/ca\/curs-online\/\" class=\"elementor-button-link elementor-button elementor-size-lg elementor-animation-skew-forward\" role=\"button\">\n\t\t\t\t\t\t<span class=\"elementor-button-content-wrapper\">\n\t\t\t\t\t\t<span class=\"elementor-button-text\">Curs Online <\/span>\n\t\t<\/span>\n\t\t\t\t\t<\/a>\n\t\t<\/div>\n\t\t\t\t<\/div>\n\t\t\t\t<\/div>\n\t\t\t\t\t<\/div>\n\t\t<\/div>\n\t\t\t\t<div class=\"elementor-column elementor-col-50 elementor-top-column elementor-element elementor-element-48a22fb\" data-id=\"48a22fb\" data-element_type=\"column\" data-settings=\"{&quot;background_background&quot;:&quot;classic&quot;}\" overflow=\"\">\n\t\t\t<div class=\"elementor-widget-wrap\">\n\t\t\t\t\t<div class=\"elementor-background-overlay\"><\/div>\n\t\t\t\t\t\t\t\t\t<\/div>\n\t\t<\/div>\n\t\t\t\t\t\t\t<\/div>\n\t\t<\/section>\n\t\t\t\t\t\t\t<\/div>\n\t\t","protected":false},"excerpt":{"rendered":"<p>Recursos Descarrega, utilitza i dif\u00f3n els lliurables que el Projecte GAP est\u00e0 generant al llarg del desenvolupament del projecte. Per aix\u00f2 \u00e9s que treballem. Documentaci\u00f3 Curs Online<\/p>\n","protected":false},"author":2,"featured_media":0,"parent":0,"menu_order":0,"comment_status":"closed","ping_status":"closed","template":"elementor_header_footer","meta":{"footnotes":""},"class_list":["post-1264","page","type-page","status-publish","hentry"],"yoast_head":"<!-- This site is optimized with the Yoast SEO plugin v19.9 - https:\/\/yoast.com\/wordpress\/plugins\/seo\/ -->\n<title>Recursos - GAPWomen<\/title>\n<meta name=\"robots\" content=\"index, follow, max-snippet:-1, max-image-preview:large, max-video-preview:-1\" \/>\n<link rel=\"canonical\" href=\"https:\/\/gapwomen.ufec.cat\/ca\/recursos\/\" \/>\n<meta property=\"og:locale\" content=\"ca_ES\" \/>\n<meta property=\"og:type\" content=\"article\" \/>\n<meta property=\"og:title\" content=\"Recursos - GAPWomen\" \/>\n<meta property=\"og:description\" content=\"Recursos Descarrega, utilitza i dif\u00f3n els lliurables que el Projecte GAP est\u00e0 generant al llarg del desenvolupament del projecte. Per aix\u00f2 \u00e9s que treballem. Documentaci\u00f3 Curs Online\" \/>\n<meta property=\"og:url\" content=\"https:\/\/gapwomen.ufec.cat\/ca\/recursos\/\" \/>\n<meta property=\"og:site_name\" content=\"GAPWomen\" \/>\n<meta property=\"article:modified_time\" content=\"2024-12-12T17:59:39+00:00\" \/>\n<meta name=\"twitter:card\" content=\"summary_large_image\" \/>\n<meta name=\"twitter:label1\" content=\"Temps estimat de lectura\" \/>\n\t<meta name=\"twitter:data1\" content=\"1 minut\" \/>\n<script type=\"application\/ld+json\" class=\"yoast-schema-graph\">{\"@context\":\"https:\/\/schema.org\",\"@graph\":[{\"@type\":\"WebPage\",\"@id\":\"https:\/\/gapwomen.ufec.cat\/ca\/recursos\/\",\"url\":\"https:\/\/gapwomen.ufec.cat\/ca\/recursos\/\",\"name\":\"Recursos - GAPWomen\",\"isPartOf\":{\"@id\":\"https:\/\/gapwomen.ufec.cat\/ca\/#website\"},\"datePublished\":\"2022-09-13T20:27:49+00:00\",\"dateModified\":\"2024-12-12T17:59:39+00:00\",\"breadcrumb\":{\"@id\":\"https:\/\/gapwomen.ufec.cat\/ca\/recursos\/#breadcrumb\"},\"inLanguage\":\"ca\",\"potentialAction\":[{\"@type\":\"ReadAction\",\"target\":[\"https:\/\/gapwomen.ufec.cat\/ca\/recursos\/\"]}]},{\"@type\":\"BreadcrumbList\",\"@id\":\"https:\/\/gapwomen.ufec.cat\/ca\/recursos\/#breadcrumb\",\"itemListElement\":[{\"@type\":\"ListItem\",\"position\":1,\"name\":\"Portada\",\"item\":\"https:\/\/gapwomen.ufec.cat\/ca\/\"},{\"@type\":\"ListItem\",\"position\":2,\"name\":\"Recursos\"}]},{\"@type\":\"WebSite\",\"@id\":\"https:\/\/gapwomen.ufec.cat\/ca\/#website\",\"url\":\"https:\/\/gapwomen.ufec.cat\/ca\/\",\"name\":\"GAPWomen\",\"description\":\"Just another WordPress site\",\"publisher\":{\"@id\":\"https:\/\/gapwomen.ufec.cat\/ca\/#organization\"},\"potentialAction\":[{\"@type\":\"SearchAction\",\"target\":{\"@type\":\"EntryPoint\",\"urlTemplate\":\"https:\/\/gapwomen.ufec.cat\/ca\/?s={search_term_string}\"},\"query-input\":\"required name=search_term_string\"}],\"inLanguage\":\"ca\"},{\"@type\":\"Organization\",\"@id\":\"https:\/\/gapwomen.ufec.cat\/ca\/#organization\",\"name\":\"GAPWomen\",\"url\":\"https:\/\/gapwomen.ufec.cat\/ca\/\",\"logo\":{\"@type\":\"ImageObject\",\"inLanguage\":\"ca\",\"@id\":\"https:\/\/gapwomen.ufec.cat\/ca\/#\/schema\/logo\/image\/\",\"url\":\"https:\/\/gapwomen.ufec.cat\/wp-content\/uploads\/2022\/08\/LOGOS-GAP-WOMEN-09.svg\",\"contentUrl\":\"https:\/\/gapwomen.ufec.cat\/wp-content\/uploads\/2022\/08\/LOGOS-GAP-WOMEN-09.svg\",\"width\":500,\"height\":200,\"caption\":\"GAPWomen\"},\"image\":{\"@id\":\"https:\/\/gapwomen.ufec.cat\/ca\/#\/schema\/logo\/image\/\"}}]}<\/script>\n<!-- \/ Yoast SEO plugin. -->","yoast_head_json":{"title":"Recursos - GAPWomen","robots":{"index":"index","follow":"follow","max-snippet":"max-snippet:-1","max-image-preview":"max-image-preview:large","max-video-preview":"max-video-preview:-1"},"canonical":"https:\/\/gapwomen.ufec.cat\/ca\/recursos\/","og_locale":"ca_ES","og_type":"article","og_title":"Recursos - GAPWomen","og_description":"Recursos Descarrega, utilitza i dif\u00f3n els lliurables que el Projecte GAP est\u00e0 generant al llarg del desenvolupament del projecte. Per aix\u00f2 \u00e9s que treballem. Documentaci\u00f3 Curs Online","og_url":"https:\/\/gapwomen.ufec.cat\/ca\/recursos\/","og_site_name":"GAPWomen","article_modified_time":"2024-12-12T17:59:39+00:00","twitter_card":"summary_large_image","twitter_misc":{"Temps estimat de lectura":"1 minut"},"schema":{"@context":"https:\/\/schema.org","@graph":[{"@type":"WebPage","@id":"https:\/\/gapwomen.ufec.cat\/ca\/recursos\/","url":"https:\/\/gapwomen.ufec.cat\/ca\/recursos\/","name":"Recursos - GAPWomen","isPartOf":{"@id":"https:\/\/gapwomen.ufec.cat\/ca\/#website"},"datePublished":"2022-09-13T20:27:49+00:00","dateModified":"2024-12-12T17:59:39+00:00","breadcrumb":{"@id":"https:\/\/gapwomen.ufec.cat\/ca\/recursos\/#breadcrumb"},"inLanguage":"ca","potentialAction":[{"@type":"ReadAction","target":["https:\/\/gapwomen.ufec.cat\/ca\/recursos\/"]}]},{"@type":"BreadcrumbList","@id":"https:\/\/gapwomen.ufec.cat\/ca\/recursos\/#breadcrumb","itemListElement":[{"@type":"ListItem","position":1,"name":"Portada","item":"https:\/\/gapwomen.ufec.cat\/ca\/"},{"@type":"ListItem","position":2,"name":"Recursos"}]},{"@type":"WebSite","@id":"https:\/\/gapwomen.ufec.cat\/ca\/#website","url":"https:\/\/gapwomen.ufec.cat\/ca\/","name":"GAPWomen","description":"Just another WordPress site","publisher":{"@id":"https:\/\/gapwomen.ufec.cat\/ca\/#organization"},"potentialAction":[{"@type":"SearchAction","target":{"@type":"EntryPoint","urlTemplate":"https:\/\/gapwomen.ufec.cat\/ca\/?s={search_term_string}"},"query-input":"required name=search_term_string"}],"inLanguage":"ca"},{"@type":"Organization","@id":"https:\/\/gapwomen.ufec.cat\/ca\/#organization","name":"GAPWomen","url":"https:\/\/gapwomen.ufec.cat\/ca\/","logo":{"@type":"ImageObject","inLanguage":"ca","@id":"https:\/\/gapwomen.ufec.cat\/ca\/#\/schema\/logo\/image\/","url":"https:\/\/gapwomen.ufec.cat\/wp-content\/uploads\/2022\/08\/LOGOS-GAP-WOMEN-09.svg","contentUrl":"https:\/\/gapwomen.ufec.cat\/wp-content\/uploads\/2022\/08\/LOGOS-GAP-WOMEN-09.svg","width":500,"height":200,"caption":"GAPWomen"},"image":{"@id":"https:\/\/gapwomen.ufec.cat\/ca\/#\/schema\/logo\/image\/"}}]}},"_links":{"self":[{"href":"https:\/\/gapwomen.ufec.cat\/ca\/wp-json\/wp\/v2\/pages\/1264","targetHints":{"allow":["GET"]}}],"collection":[{"href":"https:\/\/gapwomen.ufec.cat\/ca\/wp-json\/wp\/v2\/pages"}],"about":[{"href":"https:\/\/gapwomen.ufec.cat\/ca\/wp-json\/wp\/v2\/types\/page"}],"author":[{"embeddable":true,"href":"https:\/\/gapwomen.ufec.cat\/ca\/wp-json\/wp\/v2\/users\/2"}],"replies":[{"embeddable":true,"href":"https:\/\/gapwomen.ufec.cat\/ca\/wp-json\/wp\/v2\/comments?post=1264"}],"version-history":[{"count":40,"href":"https:\/\/gapwomen.ufec.cat\/ca\/wp-json\/wp\/v2\/pages\/1264\/revisions"}],"predecessor-version":[{"id":2181,"href":"https:\/\/gapwomen.ufec.cat\/ca\/wp-json\/wp\/v2\/pages\/1264\/revisions\/2181"}],"wp:attachment":[{"href":"https:\/\/gapwomen.ufec.cat\/ca\/wp-json\/wp\/v2\/media?parent=1264"}],"curies":[{"name":"wp","href":"https:\/\/api.w.org\/{rel}","templated":true}]}}